{"id":76,"date":"2024-02-05T15:38:21","date_gmt":"2024-02-05T14:38:21","guid":{"rendered":"http:\/\/legalwellbeing.pl\/?page_id=76"},"modified":"2025-07-21T11:25:15","modified_gmt":"2025-07-21T09:25:15","slug":"opinie-klientow","status":"publish","type":"page","link":"http:\/\/legalwellbeing.pl\/?page_id=76","title":{"rendered":"Opinie klient\u00f3w"},"content":{"rendered":"\n<h2 class=\"wp-block-heading\">Zobacz, co m\u00f3wi\u0105 klienci o wsp\u00f3\u0142pracy z nami  <\/h2>\n\n\n\n<div style=\"height:100px\" aria-hidden=\"true\" class=\"wp-block-spacer\"><\/div>\n\n\n\n<blockquote class=\"wp-block-quote is-layout-flow wp-block-quote-is-layout-flow\">\n<p><em>Chcia\u0142abym wyrazi\u0107 pe\u0142n\u0105 uznania opini\u0119 na temat wsp\u00f3\u0142pracy, kompetencji i profesjonalnej obs\u0142ugi klienta przez Pani\u0105 Mecenas. Otrzyma\u0142am fachow\u0105 pomoc w formie szkolenia z zakresu wyrob\u00f3w medycznych. Jestem pod wielkim wra\u017ceniem sposobu przekazywania wiedzy, osobowo\u015bci oraz do\u015bwiadczenia Pani Mecenas. Pe\u0142en profesjonalizm, rzeczowo\u015b\u0107 i ogromna wiedza to dodatkowe atuty, kt\u00f3re przemawiaj\u0105 za wzorow\u0105 wsp\u00f3\u0142prac\u0105 z Pani\u0105 Mecenas.<\/em><\/p>\n\n\n\n<p><em>Serdecznie polecam.<\/em><\/p>\n\n\n\n<p>Katarzyna Panufnik, ZPH PK-MOT<\/p>\n\n\n\n<p><sup>16.07.2025 r. <\/sup><\/p>\n<\/blockquote>\n\n\n\n<div style=\"height:100px\" aria-hidden=\"true\" class=\"wp-block-spacer\"><\/div>\n\n\n\n<blockquote class=\"wp-block-quote is-layout-flow wp-block-quote-is-layout-flow\">\n<p><em>Pani Adwokat Roksana Strubel to rzetelna i kompetentna specjalistka w zakresie prawa wyrob\u00f3w medycznych. Wyr\u00f3\u017cnia si\u0119 skrupulatno\u015bci\u0105, precyzj\u0105 oraz umiej\u0119tno\u015bci\u0105 kompleksowej analizy problem\u00f3w prawnych. Jej odpowiedzi s\u0105 zawsze wyczerpuj\u0105ce i rzeczowe, co pozwala na podejmowanie \u015bwiadomych decyzji. Dzi\u0119ki jej wsparciu mo\u017cna mie\u0107 pewno\u015b\u0107, \u017ce wszystkie kwestie prawne s\u0105 w\u0142a\u015bciwie zabezpieczone.&nbsp;<\/em><br><em>Z pe\u0142nym przekonaniem polecam jej us\u0142ugi!<\/em><\/p>\n\n\n\n<p>Jakub Witkowski, New Business Developer, Medeocare Sp. z o.o. <\/p>\n\n\n\n<p><sup>27.02.2025 r.<\/sup><\/p>\n<\/blockquote>\n\n\n\n<div style=\"height:100px\" aria-hidden=\"true\" class=\"wp-block-spacer\"><\/div>\n\n\n\n<blockquote class=\"wp-block-quote is-layout-flow wp-block-quote-is-layout-flow\">\n<p class=\"has-text-align-left\"><em>Pani Mecenas Roksana Strubel jest jedn\u0105 z pierwszych os\u00f3b, dzi\u0119ki kt\u00f3rym zdoby\u0142am wiedz\u0119 z zakresu nowelizacji prawa unijnego i polskiego dotycz\u0105cego wyrob\u00f3w medycznych, kt\u00f3re w obecnym kszta\u0142cie nie nale\u017cy do \u0142atwych zagadnie\u0144, nawet&nbsp;dla dystrybutor\u00f3w wyrob\u00f3w medycznych. Dodatkowo dzi\u0119ki jej du\u017cemu do\u015bwiadczeniu z tego zakresu prawa oraz dzi\u0119ki analizom przypadk\u00f3w opartych nie tylko na prawie dotycz\u0105cym wyrob\u00f3w, ale i na na kodeksie cywilnym, mogli\u015bmy z pomoc\u0105 Pani Mecenas rozwi\u0105za\u0107 r\u00f3\u017cne przypadki dotycz\u0105ce dystrybucji wyrob\u00f3w medycznych. Jestem bardzo zadowolona ze wsp\u00f3\u0142pracy. Wsp\u00f3\u0142pracy opartej przede wszystkim na jej kompetencjach i zaanga\u017cowaniu w temat.<\/em><\/p>\n\n\n\n<p>Ewelina Wi\u0142kowicz, Farmaceuta, Dystrybucja Wyrob\u00f3w Medycznych<\/p>\n\n\n\n<p><sub>22.11.2024 r.<\/sub><\/p>\n<\/blockquote>\n\n\n\n<div style=\"height:100px\" aria-hidden=\"true\" class=\"wp-block-spacer\"><\/div>\n\n\n\n<blockquote class=\"wp-block-quote is-layout-flow wp-block-quote-is-layout-flow\">\n<p class=\"has-text-align-justify\"><em>Dotychczasowa wsp\u00f3\u0142praca z Pani\u0105 Roksan\u0105 Strubel z Kancelarii Legal Well-Being jest doskona\u0142a.&nbsp;Kompetentnie, sprawnie i w mi\u0142ej atmosferze zosta\u0142em przeprowadzony przez&nbsp;wszystkie zawi\u0142o\u015bci przepis\u00f3w UE. Wysoka kultura osobista i zaanga\u017cowanie w opiek\u0119 nad klientem dope\u0142nia perfekcyjny wizerunek Pani Adwokat. Jestem bardzo zadowolony.<\/em><\/p>\n\n\n\n<p>Jacek Ka\u0142u\u017cny, AMIDENT<\/p>\n<cite>08.05.2024 r.<\/cite><\/blockquote>\n\n\n\n<div style=\"height:100px\" aria-hidden=\"true\" class=\"wp-block-spacer\"><\/div>\n\n\n\n<blockquote class=\"wp-block-quote is-layout-flow wp-block-quote-is-layout-flow\">\n<p class=\"has-text-align-justify\"><em>Najlepiej opinie o kim\u015b buduje si\u0119 poprzez wsp\u00f3lne do\u015bwiadczanie. Razem z Pani\u0105 mec. Roksan\u0105 Strubel oraz mec. Dominik\u0105 Chraba\u0144sk\u0105 mieli\u015bmy okazje wsp\u00f3\u0142pracowa\u0107 na poziomie standardowych konsultacji, ale zdarzy\u0142 si\u0119 te\u017c nam projekt mi\u0119dzynarodowy \u2013 3 kraje, 5 podmiot\u00f3w, 6 miesi\u0119cy. Taka konstrukcja wymaga bardzo du\u017co wiedzy, cierpliwo\u015bci oraz elastyczno\u015bci. Dzi\u0119ki obu Paniom mieli\u015bmy w negocjacjach du\u017cy komfort i pewno\u015b\u0107, \u017ce interes naszej firmy oraz zgodno\u015b\u0107 z przepisami b\u0119d\u0105 zachowane.<\/em><\/p>\n\n\n\n<p>Artur Mr\u00f3z-Gon\u00e7alves, Sales Director &amp; GDP\/PV Auditor, Qpharma Sp. z o.o.<\/p>\n<cite>14.03.2024 r. <\/cite><\/blockquote>\n\n\n\n<div style=\"height:100px\" aria-hidden=\"true\" class=\"wp-block-spacer\"><\/div>\n\n\n\n<blockquote class=\"wp-block-quote is-layout-flow wp-block-quote-is-layout-flow\">\n<p class=\"has-text-align-justify\"><em>Szkolenia, kt\u00f3re prowadzi Pani Roksana s\u0105 pe\u0142ne fachowej wiedzy wyt\u0142umaczonej w spos\u00f3b, kt\u00f3ry pozwala na zrozumienie zawi\u0142o\u015bci prawa zwi\u0105zanego z wyrobami medycznymi. Na szkoleniach zadawali\u015bmy mn\u00f3stwo pyta\u0144, na kt\u00f3re otrzymali\u015bmy konkretne odpowiedzi.<\/em><\/p>\n\n\n\n<p class=\"has-text-align-justify\"><em>Jest w sposobie przekazu to &#8222;co\u015b&#8221;, \u017ce chce si\u0119 s\u0142ucha\u0107<\/em>. \ud83d\ude0a<\/p>\n\n\n\n<p>Aleksandra Saramak, Specjalista ds. jako\u015bci, BIOTICOM sp. z o.o.<\/p>\n<cite>14.03.2024 r. <\/cite><\/blockquote>\n\n\n\n<div style=\"height:100px\" aria-hidden=\"true\" class=\"wp-block-spacer\"><\/div>\n\n\n\n<blockquote class=\"wp-block-quote is-layout-flow wp-block-quote-is-layout-flow\">\n<p class=\"has-text-align-justify\"><em>Vanguard AG did cooperate with Roksana Strubel in &nbsp;regards to an project of the Polish medical device regulations and it transposition from the EU MDR 2017\/245.<\/em><\/p>\n\n\n\n<p class=\"has-text-align-justify\"><em>The work involved the establishment of an position paper to the Minister of Health, as well as to the President of the Office for Registration of Medicinal Products, Medical Devices and Biocidal Products and other various healthcare stake holder with the proposal of changing the regulations regarding the reprocessing of medical single used devices.<\/em><\/p>\n\n\n\n<p class=\"has-text-align-justify\"><em>We have been satisfied with the work performed by Roksana Strubel and would recommend her work in the field of the medical devices law.<\/em><\/p>\n\n\n\n<p>Viola Vahle, Int.Business Development Manager, VANGUARD AG<\/p>\n<cite>19.02.2024 r. <\/cite><\/blockquote>\n\n\n\n<div style=\"height:100px\" aria-hidden=\"true\" class=\"wp-block-spacer\"><\/div>\n\n\n\n<blockquote class=\"wp-block-quote is-layout-flow wp-block-quote-is-layout-flow\">\n<p class=\"has-text-align-justify\"><em>Wsp\u00f3\u0142praca z Pani\u0105 Adwokat Roksan\u0105 Strubel by\u0142a bardzo pozytywna \u2013 charakteryzowa\u0142a si\u0119 szybko\u015bci\u0105, profesjonalizmem i spe\u0142nieniem oczekiwa\u0144 w zakresie rzetelno\u015bci przygotowanych dokument\u00f3w. Pani Adwokat wykaza\u0142a si\u0119 du\u017c\u0105 wiedz\u0105, pomagaj\u0105c unikn\u0105\u0107 nam w przysz\u0142o\u015bci drogich b\u0142\u0119d\u00f3w. Polecam zw\u0142aszcza za kompetentn\u0105 i sprawn\u0105 obs\u0142ug\u0119 prawn\u0105 oraz mi\u0142\u0105 atmosfer\u0119 wsp\u00f3\u0142pracy.<\/em><\/p>\n\n\n\n<p>lek. med. Agnieszka Tomala, W\u0142a\u015bciciel Kliniki Medycyny Estetycznej Lemon\u00e9<\/p>\n<cite>08.02.2024 r. <\/cite><\/blockquote>\n\n\n\n<div style=\"height:100px\" aria-hidden=\"true\" class=\"wp-block-spacer\"><\/div>\n\n\n\n<blockquote class=\"wp-block-quote is-layout-flow wp-block-quote-is-layout-flow\">\n<p class=\"has-text-align-justify\"><em>Wsp\u00f3\u0142praca z Pani\u0105 Roksan\u0105 to kompetentna i sprawna obs\u0142uga prawna. Mog\u0119 potwierdzi\u0107 rzetelno\u015b\u0107 opinii prawnych oraz mi\u0142\u0105 atmosfer\u0119 wsp\u00f3\u0142pracy.<\/em><\/p>\n\n\n\n<p>Magdalena Harat, Project Manager &amp; Regulatory Affairs Specialist, MONIPOL Polska Sp. z o.o.<\/p>\n<cite>01.02.2024 r.<\/cite><\/blockquote>\n\n\n\n<div style=\"height:100px\" aria-hidden=\"true\" class=\"wp-block-spacer\"><\/div>\n\n\n\n<blockquote class=\"wp-block-quote is-layout-flow wp-block-quote-is-layout-flow\">\n<p class=\"has-text-align-justify\">J<em>este\u015bmy bardzo zadowoleni ze wsp\u00f3\u0142pracy z Paniami Dominik\u0105 Chraba\u0144sk\u0105 i Roksan\u0105 Strubel. Zlecone opinie prawne zosta\u0142y wykonane terminowo i z du\u017cym zaanga\u017cowaniem przy jednocze\u015bnie biznesowym spojrzeniu na poddane analizie kwestie. Na specjalne podkre\u015blenie zas\u0142uguje w pe\u0142ni profesjonalne podej\u015bcie do klienta, pomoc na ka\u017cdym etapie i rzetelna informacja poparta doskona\u0142\u0105 wiedz\u0105. Jako\u015b\u0107 na najwy\u017cszym poziomie, \u015bwietny i zgrany zesp\u00f3\u0142.<\/em><br><em>Z pe\u0142nym przekonaniem mo\u017cemy poleci\u0107 t\u0119 Kancelari\u0119 Prawn\u0105.<\/em><br><br>Ma\u0142gorzata Tar\u0142owska, Zak\u0142ady Farmaceutyczne &#8222;UNIA&#8221; Sp\u00f3\u0142dzielnia Pracy<br>Olgierd Wernik, Zak\u0142ady Farmaceutyczne &#8222;UNIA&#8221; Sp\u00f3\u0142dzielnia Pracy<\/p>\n<cite>17.01.2024 r. <\/cite><\/blockquote>\n\n\n\n<div style=\"height:100px\" aria-hidden=\"true\" class=\"wp-block-spacer\"><\/div>\n\n\n\n<blockquote class=\"wp-block-quote is-layout-flow wp-block-quote-is-layout-flow\">\n<p class=\"has-text-align-justify\"><em>Dzia\u0142amy w bran\u017cy farmaceutycznej, w kt\u00f3rej znajomo\u015b\u0107 otoczenia prawno-regulacyjnego jest bardzo wa\u017cna. Adw. Roksana Strubel&nbsp;dobrze zna specyfik\u0119 naszej bran\u017cy.&nbsp;W trakcie naszej kilkuletniej wsp\u00f3\u0142pracy uzyskali\u015bmy wsparcie, kt\u00f3rego potrzebowali\u015bmy. By\u0142y to w szczeg\u00f3lno\u015bci sprawy z w\u0105tkami farmaceutycznymi czy medycznymi (zwi\u0105zane np. ze zmianami porejestracyjnymi lek\u00f3w, badaniami klinicznymi czy obszarem wyrob\u00f3w medycznych), a tak\u017ce pomoc prawna przy sprawie odwo\u0142ania do KIO. Doceniamy t\u0119 wsp\u00f3\u0142prac\u0119 i ch\u0119tnie b\u0119dziemy j\u0105 kontynuowa\u0107.&nbsp;<\/em><\/p>\n\n\n\n<p>Jakub Zwoli\u0144ski, Co-Owner Genesis Pharm Sp. z o.o. Sp. k.<br>Cezary Sta\u0144czak,&nbsp;Co-Owner Genesis Pharm Sp. z o.o. Sp. k.<\/p>\n<cite>16.01.2024 r. <\/cite><\/blockquote>\n\n\n\n<div style=\"height:100px\" aria-hidden=\"true\" class=\"wp-block-spacer\"><\/div>\n\n\n\n<blockquote class=\"wp-block-quote is-layout-flow wp-block-quote-is-layout-flow\">\n<p class=\"has-text-align-justify\"><em>Wsp\u00f3\u0142praca z Pani\u0105 Roksan\u0105 przebiega\u0142a w bardzo mi\u0142ej i bezproblemowej atmosferze. Us\u0142uga zosta\u0142a wykonana szybko i profesjonalnie&nbsp; jak r\u00f3wnie\u017c<br>otrzymali\u015bmy wi\u0119cej ni\u017c oczekiwali\u015bmy. Pani Roksana wykaza\u0142a si\u0119 ogromn\u0105 wiedz\u0105 i pomog\u0142a unikn\u0105\u0107 nam  potencjalnych kosztownych pomy\u0142ek. Polecam z ca\u0142ego serca.<\/em><br><br>Micha\u0142 Heller, CEO Diagnozujmy Sp. z o. o.<\/p>\n<cite>11.01.2024 r. <\/cite><\/blockquote>\n\n\n\n<div style=\"height:100px\" aria-hidden=\"true\" class=\"wp-block-spacer\"><\/div>\n\n\n\n<blockquote class=\"wp-block-quote is-layout-flow wp-block-quote-is-layout-flow\">\n<p class=\"has-text-align-justify\"><em>W pa\u017adzierniku 2023 roku \u015al\u0105ska Izba Aptekarska mia\u0142a zaszczyt go\u015bci\u0107 pani\u0105 mec. Roksan\u0119 Strubel na szkoleniu webionarowym zatytu\u0142owanym \u201eRealizacja przepis\u00f3w MDR przez szpitale\u201d. Szkolenie zosta\u0142o przeprowadzone profesjonalnie, a nie\u0142atwa tematyka zosta\u0142a om\u00f3wiona w bardzo przyst\u0119pny spos\u00f3b. W trakcie szkolenia przedstawiono szereg praktycznych rekomendacji dotycz\u0105cych sposobu realizacji obowi\u0105zk\u00f3w farmaceut\u00f3w w \u015bwietle najnowszych zmian w przepisach. W szkoleniu wzi\u0119\u0142o udzia\u0142 ponad czterystu farmaceut\u00f3w szpitalnych z ca\u0142ej Polski, przy czym niemal 80% uczestnik\u00f3w oceni\u0142o je jako doskona\u0142e. Maj\u0105c na uwadze powy\u017csze, rekomenduj\u0119 pani\u0105 mecenas Roksan\u0119 Strubel jako znakomitego prelegenta i jednocze\u015bnie eksperta w dziedzinie prawa farmaceutycznego.<\/em><\/p>\n\n\n\n<p>dr n. farm. Piotr Kaczmarczyk, Przewodnicz\u0105cy Komisji Aptek Szpitalnych, wiceprezes \u015al\u0105skiej Izby Aptekarskiej<\/p>\n<cite>24.10.2023 r. <\/cite><\/blockquote>\n\n\n\n<p><\/p>\n\n\n\n<div style=\"height:100px\" aria-hidden=\"true\" class=\"wp-block-spacer\"><\/div>\n\n\n\n<p><\/p>\n","protected":false},"excerpt":{"rendered":"<p>Zobacz, co m\u00f3wi\u0105 klienci o wsp\u00f3\u0142pracy z nami Chcia\u0142abym wyrazi\u0107 pe\u0142n\u0105 uznania opini\u0119 na temat wsp\u00f3\u0142pracy, kompetencji i profesjonalnej obs\u0142ugi klienta przez Pani\u0105 Mecenas. Otrzyma\u0142am fachow\u0105 pomoc w formie szkolenia z zakresu wyrob\u00f3w medycznych. Jestem pod wielkim wra\u017ceniem sposobu przekazywania wiedzy, osobowo\u015bci oraz do\u015bwiadczenia Pani Mecenas. Pe\u0142en profesjonalizm, rzeczowo\u015b\u0107 i ogromna wiedza to dodatkowe atuty,&#8230;<\/p>\n","protected":false},"author":1,"featured_media":0,"parent":0,"menu_order":3,"comment_status":"closed","ping_status":"closed","template":"","meta":{"_editorskit_title_hidden":false,"_editorskit_reading_time":0,"_editorskit_is_block_options_detached":false,"_editorskit_block_options_position":"{}","footnotes":""},"class_list":["post-76","page","type-page","status-publish","hentry"],"_links":{"self":[{"href":"http:\/\/legalwellbeing.pl\/index.php?rest_route=\/wp\/v2\/pages\/76","targetHints":{"allow":["GET"]}}],"collection":[{"href":"http:\/\/legalwellbeing.pl\/index.php?rest_route=\/wp\/v2\/pages"}],"about":[{"href":"http:\/\/legalwellbeing.pl\/index.php?rest_route=\/wp\/v2\/types\/page"}],"author":[{"embeddable":true,"href":"http:\/\/legalwellbeing.pl\/index.php?rest_route=\/wp\/v2\/users\/1"}],"replies":[{"embeddable":true,"href":"http:\/\/legalwellbeing.pl\/index.php?rest_route=%2Fwp%2Fv2%2Fcomments&post=76"}],"version-history":[{"count":26,"href":"http:\/\/legalwellbeing.pl\/index.php?rest_route=\/wp\/v2\/pages\/76\/revisions"}],"predecessor-version":[{"id":503,"href":"http:\/\/legalwellbeing.pl\/index.php?rest_route=\/wp\/v2\/pages\/76\/revisions\/503"}],"wp:attachment":[{"href":"http:\/\/legalwellbeing.pl\/index.php?rest_route=%2Fwp%2Fv2%2Fmedia&parent=76"}],"curies":[{"name":"wp","href":"https:\/\/api.w.org\/{rel}","templated":true}]}}