{"id":669,"date":"2026-03-28T09:35:12","date_gmt":"2026-03-28T08:35:12","guid":{"rendered":"https:\/\/legalwellbeing.pl\/?page_id=669"},"modified":"2026-03-29T16:29:31","modified_gmt":"2026-03-29T14:29:31","slug":"specjalizacja-sektorowa","status":"publish","type":"page","link":"https:\/\/legalwellbeing.pl\/?page_id=669","title":{"rendered":"Specjalizacja sektorowa"},"content":{"rendered":"\n<h6 class=\"wp-block-heading\">Pracujemy wy\u0142\u0105cznie z podmiotami funkcjonuj\u0105cymi w silnie regulowanym \u015brodowisku ochrony zdrowia, gdzie regulacje maj\u0105 bezpo\u015bredni wp\u0142yw na rozw\u00f3j dzia\u0142alno\u015bci.<\/h6>\n\n\n\n<h2 class=\"wp-block-heading\">\ud83d\udc8a Farmacja <\/h2>\n\n\n\n<h6 class=\"wp-block-heading\">Doradztwo regulacyjne i operacyjne na ka\u017cdym etapie cyklu \u017cycia produktu leczniczego<\/h6>\n\n\n\n<blockquote class=\"wp-block-quote is-layout-flow wp-block-quote-is-layout-flow\">\n<p>dopuszczenie do obrotu i obowi\u0105zki porejestracyjne <\/p>\n\n\n\n<p>reklama produkt\u00f3w leczniczych <\/p>\n\n\n\n<p>dystrybucja i obr\u00f3t produktami leczniczymi <\/p>\n\n\n\n<p>wsparcie w kontaktach z organami regulacyjnymi<\/p>\n<\/blockquote>\n\n\n\n<p><\/p>\n\n\n\n<h2 class=\"wp-block-heading\">\ud83d\udc68\u200d\ud83d\udcbb Medtech, biotech &amp; digital health<\/h2>\n\n\n\n<h6 class=\"wp-block-heading\">Wsparcie prawne w rozwoju i komercjalizacji innowacyjnych technologii w ochronie zdrowia<\/h6>\n\n\n\n<blockquote class=\"wp-block-quote is-layout-flow wp-block-quote-is-layout-flow\">\n<p>kwalifikacja produkt\u00f3w i ocena regulacyjna <\/p>\n\n\n\n<p>strategie wej\u015bcia na rynek <\/p>\n\n\n\n<p>modele biznesowe i komercjalizacja <\/p>\n\n\n\n<p>aspekty regulacyjne rozwi\u0105za\u0144 cyfrowych<\/p>\n<\/blockquote>\n\n\n\n<p><\/p>\n\n\n\n<h2 class=\"wp-block-heading\">\ud83d\udc89 Wyroby medyczne<\/h2>\n\n\n\n<h6 class=\"wp-block-heading\">Kompleksowe doradztwo w zakresie regulacji MDR i IVDR<\/h6>\n\n\n\n<blockquote class=\"wp-block-quote is-layout-flow wp-block-quote-is-layout-flow\">\n<p>wsparcie przy klasyfikacji wyrob\u00f3w i procesie oceny zgodno\u015bci<\/p>\n\n\n\n<p>obowi\u0105zki producent\u00f3w, importer\u00f3w i dystrybutor\u00f3w <\/p>\n\n\n\n<p>wprowadzanie wyrob\u00f3w na rynek UE <\/p>\n\n\n\n<p>nadz\u00f3r po wprowadzeniu do obrotu<\/p>\n<\/blockquote>\n\n\n\n<p><\/p>\n\n\n\n<h2 class=\"wp-block-heading\">\ud83d\udc84 Kosmetyki<\/h2>\n\n\n\n<h6 class=\"wp-block-heading\">Wsparcie regulacyjne i operacyjne w zakresie wprowadzania i dystrybucji produkt\u00f3w kosmetycznych<\/h6>\n\n\n\n<blockquote class=\"wp-block-quote is-layout-flow wp-block-quote-is-layout-flow\">\n<p>zgodno\u015b\u0107 z regulacjami UE <\/p>\n\n\n\n<p>oznakowanie i dokumentacja produkt\u00f3w <\/p>\n\n\n\n<p>reklama i komunikacja marketingowa<\/p>\n<\/blockquote>\n\n\n\n<p><\/p>\n\n\n\n<h2 class=\"wp-block-heading\">\ud83c\udf52 \u017bywno\u015b\u0107, w tym suplementy diety<\/h2>\n\n\n\n<h6 class=\"wp-block-heading\">Doradztwo w zakresie regulacji dotycz\u0105cych produkt\u00f3w spo\u017cywczych i suplement\u00f3w diety<\/h6>\n\n\n\n<blockquote class=\"wp-block-quote is-layout-flow wp-block-quote-is-layout-flow\">\n<p>wsparcie w kwalifikacji produkt\u00f3w <\/p>\n\n\n\n<p>wprowadzanie produkt\u00f3w na rynek<\/p>\n\n\n\n<p>oznakowanie i o\u015bwiadczenia <\/p>\n<\/blockquote>\n\n\n\n<p><\/p>\n\n\n\n<h2 class=\"wp-block-heading\">\ud83d\udc68\u200d\u2695\ufe0f Podmioty lecznicze i bran\u017ca beauty <\/h2>\n\n\n\n<h6 class=\"wp-block-heading\">Wsparcie regulacyjne i operacyjne dla podmiot\u00f3w \u015bwiadcz\u0105cych us\u0142ugi zdrowotne i estetyczne<\/h6>\n\n\n\n<blockquote class=\"wp-block-quote is-layout-flow wp-block-quote-is-layout-flow\">\n<p>organizacja dzia\u0142alno\u015bci leczniczej <\/p>\n\n\n\n<p>wymogi regulacyjne i compliance <\/p>\n\n\n\n<p>bie\u017c\u0105ca obs\u0142uga operacyjna<\/p>\n<\/blockquote>\n","protected":false},"excerpt":{"rendered":"<p>Pracujemy wy\u0142\u0105cznie z podmiotami funkcjonuj\u0105cymi w silnie regulowanym \u015brodowisku ochrony zdrowia, gdzie regulacje maj\u0105 bezpo\u015bredni wp\u0142yw na rozw\u00f3j dzia\u0142alno\u015bci. \ud83d\udc8a Farmacja Doradztwo regulacyjne i operacyjne na ka\u017cdym etapie cyklu \u017cycia produktu leczniczego dopuszczenie do obrotu i obowi\u0105zki porejestracyjne reklama produkt\u00f3w leczniczych dystrybucja i obr\u00f3t produktami leczniczymi wsparcie w kontaktach z organami regulacyjnymi \ud83d\udc68\u200d\ud83d\udcbb Medtech, biotech&#8230;<\/p>\n","protected":false},"author":1,"featured_media":0,"parent":0,"menu_order":0,"comment_status":"closed","ping_status":"closed","template":"","meta":{"_editorskit_title_hidden":false,"_editorskit_reading_time":0,"_editorskit_is_block_options_detached":false,"_editorskit_block_options_position":"{}","footnotes":""},"class_list":["post-669","page","type-page","status-publish","hentry"],"_links":{"self":[{"href":"https:\/\/legalwellbeing.pl\/index.php?rest_route=\/wp\/v2\/pages\/669","targetHints":{"allow":["GET"]}}],"collection":[{"href":"https:\/\/legalwellbeing.pl\/index.php?rest_route=\/wp\/v2\/pages"}],"about":[{"href":"https:\/\/legalwellbeing.pl\/index.php?rest_route=\/wp\/v2\/types\/page"}],"author":[{"embeddable":true,"href":"https:\/\/legalwellbeing.pl\/index.php?rest_route=\/wp\/v2\/users\/1"}],"replies":[{"embeddable":true,"href":"https:\/\/legalwellbeing.pl\/index.php?rest_route=%2Fwp%2Fv2%2Fcomments&post=669"}],"version-history":[{"count":5,"href":"https:\/\/legalwellbeing.pl\/index.php?rest_route=\/wp\/v2\/pages\/669\/revisions"}],"predecessor-version":[{"id":736,"href":"https:\/\/legalwellbeing.pl\/index.php?rest_route=\/wp\/v2\/pages\/669\/revisions\/736"}],"wp:attachment":[{"href":"https:\/\/legalwellbeing.pl\/index.php?rest_route=%2Fwp%2Fv2%2Fmedia&parent=669"}],"curies":[{"name":"wp","href":"https:\/\/api.w.org\/{rel}","templated":true}]}}